{"id":125,"date":"2024-05-30T17:48:02","date_gmt":"2024-05-30T17:48:02","guid":{"rendered":"https:\/\/caniem.org\/premios-arte-editorial\/?post_type=product&#038;p=125"},"modified":"2024-06-06T19:04:38","modified_gmt":"2024-06-06T19:04:38","slug":"vocabulario-de-las-filosofias-occidentales-diccionario-de-los-intraducibles-tomo-ii","status":"publish","type":"product","link":"https:\/\/caniem.org\/premios-arte-editorial\/producto\/vocabulario-de-las-filosofias-occidentales-diccionario-de-los-intraducibles-tomo-ii\/","title":{"rendered":"Vocabulario de las filosof\u00edas occidentales. Diccionario de los intraducibles TOMO II"},"content":{"rendered":"<p>.<\/p>\n","protected":false},"excerpt":{"rendered":"<table class=\"woocommerce-product-attributes shop_attributes\">\n<tbody>\n<tr class=\"woocommerce-product-attributes-item woocommerce-product-attributes-item--attribute_pa_autor\">\n<th class=\"woocommerce-product-attributes-item__label\">T\u00edtulo<\/th>\n<td class=\"woocommerce-product-attributes-item__value\">Vocabulario de las filosof\u00edas occidentales. Diccionario de los intraducibles TOMO II<\/td>\n<\/tr>\n<tr class=\"woocommerce-product-attributes-item woocommerce-product-attributes-item--attribute_pa_autor\">\n<th class=\"woocommerce-product-attributes-item__label\">Autor<\/th>\n<td class=\"woocommerce-product-attributes-item__value\">Cassin, Barbara<\/td>\n<\/tr>\n<tr class=\"woocommerce-product-attributes-item woocommerce-product-attributes-item--attribute_pa_editorial\">\n<th class=\"woocommerce-product-attributes-item__label\">Editorial<\/th>\n<td class=\"woocommerce-product-attributes-item__value\">Siglo XXI Editores, S.A. de C.V.<\/td>\n<\/tr>\n<tr class=\"woocommerce-product-attributes-item woocommerce-product-attributes-item--attribute_pa_sello-editorial\">\n<th class=\"woocommerce-product-attributes-item__label\">Colecci\u00f3n<\/th>\n<td class=\"woocommerce-product-attributes-item__value\">Sin colecci\u00f3n<\/td>\n<\/tr>\n<tr class=\"woocommerce-product-attributes-item woocommerce-product-attributes-item--attribute_pa_isbn\">\n<th class=\"woocommerce-product-attributes-item__label\">A\u00f1o de premiaci\u00f3n<\/th>\n<td class=\"woocommerce-product-attributes-item__value\">2019<\/td>\n<\/tr>\n<tr class=\"woocommerce-product-attributes-item woocommerce-product-attributes-item--attribute_pa_numero-de-edicion\">\n<th class=\"woocommerce-product-attributes-item__label\">N\u00famero de edici\u00f3n<\/th>\n<td class=\"woocommerce-product-attributes-item__value\">Primera edici\u00f3n<\/td>\n<\/tr>\n<tr class=\"woocommerce-product-attributes-item woocommerce-product-attributes-item--attribute_pa_ano-de-publicacion\">\n<th class=\"woocommerce-product-attributes-item__label\">A\u00f1o de publicaci\u00f3n<\/th>\n<td class=\"woocommerce-product-attributes-item__value\">2018<\/td>\n<\/tr>\n<tr class=\"woocommerce-product-attributes-item woocommerce-product-attributes-item--attribute_pa_num-paginas\">\n<th class=\"woocommerce-product-attributes-item__label\">ISBN<\/th>\n<td class=\"woocommerce-product-attributes-item__value\">978-607-03-0938-0<\/td>\n<\/tr>\n<tr class=\"woocommerce-product-attributes-item woocommerce-product-attributes-item--attribute_pa_formato\">\n<th class=\"woocommerce-product-attributes-item__label\">Categor\u00eda premiada<\/th>\n<td class=\"woocommerce-product-attributes-item__value\">Enciclopedias, diccionarios y atlas<\/td>\n<\/tr>\n<tr class=\"woocommerce-product-attributes-item woocommerce-product-attributes-item--attribute_pa_thema\">\n<th class=\"woocommerce-product-attributes-item__label\">Subcategor\u00eda<\/th>\n<td class=\"woocommerce-product-attributes-item__value\">&#8211;<\/td>\n<\/tr>\n<tr class=\"woocommerce-product-attributes-item woocommerce-product-attributes-item--attribute_pa_nombre-del-contacto\">\n<th class=\"woocommerce-product-attributes-item__label\">Clasificaci\u00f3n THEMA<\/th>\n<td class=\"woocommerce-product-attributes-item__value\" style=\"text-align: justify;\">GBCD<\/td>\n<\/tr>\n<tr class=\"woocommerce-product-attributes-item woocommerce-product-attributes-item--attribute_pa_nombre-del-contacto\">\n<th class=\"woocommerce-product-attributes-item__label\">N\u00famero de p\u00e1ginas<\/th>\n<td class=\"woocommerce-product-attributes-item__value\">902 p.<\/td>\n<\/tr>\n<tr class=\"woocommerce-product-attributes-item woocommerce-product-attributes-item--attribute_pa_nombre-del-contacto\">\n<th class=\"woocommerce-product-attributes-item__label\">ALTO<\/th>\n<td class=\"woocommerce-product-attributes-item__value\">19 cm<\/td>\n<\/tr>\n<tr class=\"woocommerce-product-attributes-item woocommerce-product-attributes-item--attribute_pa_nombre-del-contacto\">\n<th class=\"woocommerce-product-attributes-item__label\">ANCHO<\/th>\n<td class=\"woocommerce-product-attributes-item__value\">17 cm<\/td>\n<\/tr>\n<tr class=\"woocommerce-product-attributes-item woocommerce-product-attributes-item--attribute_pa_nombre-del-contacto\">\n<th class=\"woocommerce-product-attributes-item__label\">GROSOR<\/th>\n<td class=\"woocommerce-product-attributes-item__value\">5.5 cm<\/td>\n<\/tr>\n<tr class=\"woocommerce-product-attributes-item woocommerce-product-attributes-item--attribute_pa_nombre-del-contacto\">\n<th class=\"woocommerce-product-attributes-item__label\">Soporte (impreso o digital)<\/th>\n<td class=\"woocommerce-product-attributes-item__value\">Impreso<\/td>\n<\/tr>\n<tr class=\"woocommerce-product-attributes-item woocommerce-product-attributes-item--attribute_pa_nombre-del-contacto\">\n<th class=\"woocommerce-product-attributes-item__label\">Menci\u00f3n<\/th>\n<td class=\"woocommerce-product-attributes-item__value\">Premiado<\/td>\n<\/tr>\n<tr class=\"woocommerce-product-attributes-item woocommerce-product-attributes-item--attribute_pa_nombre-del-contacto\">\n<th class=\"woocommerce-product-attributes-item__label\">Sinopsis<\/th>\n<td class=\"woocommerce-product-attributes-item__value\" style=\"text-align: justify;\">Este vocabulario tiene la ambici\u00f3n de constituir una cartograf\u00eda de las diferencias filos\u00f3ficas occidentales, capitalizando el saber de los traductores. Explora la relaci\u00f3n entre acto de lengua y acto de pensamiento, y se apoya en esos s\u00edntomas que son las dificultades de pasar de una lengua a otra. Es un instrumento de trabajo de un nuevo tipo, indispensable para la comunidad cient\u00edfica ampliada que busca constituirse, al mismo tiempo, en una gu\u00eda del mundo filos\u00f3fico occidental para los estudiantes, los amestros, los invetigadores, los curiosos de su lengua y de la de los dem\u00e1s.<\/td>\n<\/tr>\n<\/tbody>\n<\/table>\n<p>&nbsp;<\/p>\n","protected":false},"featured_media":126,"comment_status":"open","ping_status":"closed","template":"","meta":[],"product_cat":[41,29],"product_tag":[],"_links":{"self":[{"href":"https:\/\/caniem.org\/premios-arte-editorial\/wp-json\/wp\/v2\/product\/125"}],"collection":[{"href":"https:\/\/caniem.org\/premios-arte-editorial\/wp-json\/wp\/v2\/product"}],"about":[{"href":"https:\/\/caniem.org\/premios-arte-editorial\/wp-json\/wp\/v2\/types\/product"}],"replies":[{"embeddable":true,"href":"https:\/\/caniem.org\/premios-arte-editorial\/wp-json\/wp\/v2\/comments?post=125"}],"wp:featuredmedia":[{"embeddable":true,"href":"https:\/\/caniem.org\/premios-arte-editorial\/wp-json\/wp\/v2\/media\/126"}],"wp:attachment":[{"href":"https:\/\/caniem.org\/premios-arte-editorial\/wp-json\/wp\/v2\/media?parent=125"}],"wp:term":[{"taxonomy":"product_cat","embeddable":true,"href":"https:\/\/caniem.org\/premios-arte-editorial\/wp-json\/wp\/v2\/product_cat?post=125"},{"taxonomy":"product_tag","embeddable":true,"href":"https:\/\/caniem.org\/premios-arte-editorial\/wp-json\/wp\/v2\/product_tag?post=125"}],"curies":[{"name":"wp","href":"https:\/\/api.w.org\/{rel}","templated":true}]}}