{"id":459,"date":"2024-06-03T22:31:53","date_gmt":"2024-06-03T22:31:53","guid":{"rendered":"https:\/\/caniem.org\/premios-arte-editorial\/?post_type=product&#038;p=459"},"modified":"2024-06-06T19:15:00","modified_gmt":"2024-06-06T19:15:00","slug":"los-raros-y-los-otros-autores-y-ediciones-coordinacion-y-edicion-de-pablo-mora","status":"publish","type":"product","link":"https:\/\/caniem.org\/premios-arte-editorial\/producto\/los-raros-y-los-otros-autores-y-ediciones-coordinacion-y-edicion-de-pablo-mora\/","title":{"rendered":"Los raros y los otros (autores y ediciones) Coordinaci\u00f3n y edici\u00f3n de Pablo Mora"},"content":{"rendered":"<p>.<\/p>\n","protected":false},"excerpt":{"rendered":"<table class=\"woocommerce-product-attributes shop_attributes\">\n<tbody>\n<tr class=\"woocommerce-product-attributes-item woocommerce-product-attributes-item--attribute_pa_autor\">\n<th class=\"woocommerce-product-attributes-item__label\">T\u00edtulo<\/th>\n<td class=\"woocommerce-product-attributes-item__value\">Los raros y los otros (autores y ediciones) Coordinaci\u00f3n y edici\u00f3n de Pablo Mora<\/td>\n<\/tr>\n<tr class=\"woocommerce-product-attributes-item woocommerce-product-attributes-item--attribute_pa_autor\">\n<th class=\"woocommerce-product-attributes-item__label\">Autor<\/th>\n<td class=\"woocommerce-product-attributes-item__value\">Mora, Pablo; Quirarte, Vicente; Padilla, Cuauht\u00e9moc; M\u00e1rquez Acevedo, Sergio; Zavala D\u00edaz, Ana Laura; Correa Ram\u00f3n, Amelina, Ch\u00e1vez Lara, Mar\u00eda Emilia; S\u00e1nchez S\u00e1nchez, Roberto; Saborit, Antonio; Chaves, Jos\u00e9 Ricardo; Toledo, Alejandro; Vizca\u00edno, Lura Elisa; Espinasa, Jos\u00e9 Mar\u00eda; Uribe, \u00c1lvaro; Retana, Alexis; Coordinador: Mora, Pablo.<\/td>\n<\/tr>\n<tr class=\"woocommerce-product-attributes-item woocommerce-product-attributes-item--attribute_pa_editorial\">\n<th class=\"woocommerce-product-attributes-item__label\">Editorial<\/th>\n<td class=\"woocommerce-product-attributes-item__value\">Instituto de Investigaciones Bibliogr\u00e1ficas, UNAM<\/td>\n<\/tr>\n<tr class=\"woocommerce-product-attributes-item woocommerce-product-attributes-item--attribute_pa_sello-editorial\">\n<th class=\"woocommerce-product-attributes-item__label\">Colecci\u00f3n<\/th>\n<td class=\"woocommerce-product-attributes-item__value\">Sin colecci\u00f3n<\/td>\n<\/tr>\n<tr class=\"woocommerce-product-attributes-item woocommerce-product-attributes-item--attribute_pa_isbn\">\n<th class=\"woocommerce-product-attributes-item__label\">A\u00f1o de premiaci\u00f3n<\/th>\n<td class=\"woocommerce-product-attributes-item__value\">2023<\/td>\n<\/tr>\n<tr class=\"woocommerce-product-attributes-item woocommerce-product-attributes-item--attribute_pa_numero-de-edicion\">\n<th class=\"woocommerce-product-attributes-item__label\">N\u00famero de edici\u00f3n<\/th>\n<td class=\"woocommerce-product-attributes-item__value\">Primera edici\u00f3n<\/td>\n<\/tr>\n<tr class=\"woocommerce-product-attributes-item woocommerce-product-attributes-item--attribute_pa_ano-de-publicacion\">\n<th class=\"woocommerce-product-attributes-item__label\">A\u00f1o de publicaci\u00f3n<\/th>\n<td class=\"woocommerce-product-attributes-item__value\">2023<\/td>\n<\/tr>\n<tr class=\"woocommerce-product-attributes-item woocommerce-product-attributes-item--attribute_pa_num-paginas\">\n<th class=\"woocommerce-product-attributes-item__label\">ISBN<\/th>\n<td class=\"woocommerce-product-attributes-item__value\">978-607-30-7210-6<\/td>\n<\/tr>\n<tr class=\"woocommerce-product-attributes-item woocommerce-product-attributes-item--attribute_pa_formato\">\n<th class=\"woocommerce-product-attributes-item__label\">Categor\u00eda premiada<\/th>\n<td class=\"woocommerce-product-attributes-item__value\">Arte<\/td>\n<\/tr>\n<tr class=\"woocommerce-product-attributes-item woocommerce-product-attributes-item--attribute_pa_thema\">\n<th class=\"woocommerce-product-attributes-item__label\">Subcategor\u00eda<\/th>\n<td class=\"woocommerce-product-attributes-item__value\">Ensayos y estudios<\/td>\n<\/tr>\n<tr class=\"woocommerce-product-attributes-item woocommerce-product-attributes-item--attribute_pa_nombre-del-contacto\">\n<th class=\"woocommerce-product-attributes-item__label\">Clasificaci\u00f3n THEMA<\/th>\n<td class=\"woocommerce-product-attributes-item__value\" style=\"text-align: justify;\">&#8211;<\/td>\n<\/tr>\n<tr class=\"woocommerce-product-attributes-item woocommerce-product-attributes-item--attribute_pa_nombre-del-contacto\">\n<th class=\"woocommerce-product-attributes-item__label\">N\u00famero de p\u00e1ginas<\/th>\n<td class=\"woocommerce-product-attributes-item__value\">352 p.<\/td>\n<\/tr>\n<tr class=\"woocommerce-product-attributes-item woocommerce-product-attributes-item--attribute_pa_nombre-del-contacto\">\n<th class=\"woocommerce-product-attributes-item__label\">ALTO<\/th>\n<td class=\"woocommerce-product-attributes-item__value\">23 cm<\/td>\n<\/tr>\n<tr class=\"woocommerce-product-attributes-item woocommerce-product-attributes-item--attribute_pa_nombre-del-contacto\">\n<th class=\"woocommerce-product-attributes-item__label\">ANCHO<\/th>\n<td class=\"woocommerce-product-attributes-item__value\">14 cm<\/td>\n<\/tr>\n<tr class=\"woocommerce-product-attributes-item woocommerce-product-attributes-item--attribute_pa_nombre-del-contacto\">\n<th class=\"woocommerce-product-attributes-item__label\">GROSOR<\/th>\n<td class=\"woocommerce-product-attributes-item__value\">2 cm<\/td>\n<\/tr>\n<tr class=\"woocommerce-product-attributes-item woocommerce-product-attributes-item--attribute_pa_nombre-del-contacto\">\n<th class=\"woocommerce-product-attributes-item__label\">Soporte (impreso o digital<\/th>\n<td class=\"woocommerce-product-attributes-item__value\">Impreso<\/td>\n<\/tr>\n<tr class=\"woocommerce-product-attributes-item woocommerce-product-attributes-item--attribute_pa_nombre-del-contacto\">\n<th class=\"woocommerce-product-attributes-item__label\">Menci\u00f3n<\/th>\n<td class=\"woocommerce-product-attributes-item__value\">Premiado<\/td>\n<\/tr>\n<tr class=\"woocommerce-product-attributes-item woocommerce-product-attributes-item--attribute_pa_nombre-del-contacto\">\n<th class=\"woocommerce-product-attributes-item__label\">Sinopsis<\/th>\n<td class=\"woocommerce-product-attributes-item__value\" style=\"text-align: justify;\">Un libro \u201craro y curioso\u201d, seg\u00fan el concepto cl\u00e1sico de la bibliograf\u00eda, se refiere a aquel impreso que es valorado por su escasez o por ser el \u00fanico de una edici\u00f3n. Tambi\u00e9n puede ser considerado as\u00ed por su manufactura, por la antig\u00fcedad de su impresi\u00f3n y por su inter\u00e9s hist\u00f3rico y tem\u00e1tico. Es \u201craro\u201d debido a la especificidad de su producci\u00f3n, que tradicionalmente antecede al a\u00f1o 1810. Sin embargo, desde el siglo XIX y con el desarrollo de la industria y el coleccionismo, el t\u00e9rmino se ha expandido hacia otros significados (comerciales y culturales), que tambi\u00e9n pueden aplicarse a ediciones modernas. Es tambi\u00e9n a finales de ese siglo cuando se publica Los raros (1896) de Rub\u00e9n Dar\u00edo, obra mediante la cual se difundi\u00f3 un conjunto de escritores y una colecci\u00f3n de libros y textos curiosos con la intenci\u00f3n de presentar \u2014entre otras cosas\u2014 el simbolismo en Hispanoam\u00e9rica; pero m\u00e1s all\u00e1 de esto, con la idea de construir una galer\u00eda de escritores con caracter\u00edsticas singulares en cuanto a su estilo y su personalidad. A partir de estas dos tradiciones se origina el proyecto \u201cRaros y curiosos: escritores, libros y documentos en M\u00e9xico (siglos XIX y XX), una serie documental para hojear y leer\u201d, del Instituto de Investigaciones Bibliogr\u00e1ficas, al igual que el coloquio celebrado en 2016 en la Biblioteca Nacional de M\u00e9xico en conmemoraci\u00f3n de los 100 a\u00f1os de la muerte de Dar\u00edo, \u201cLos raros y los otros (autores y ediciones)\u201d, y la exposici\u00f3n que lo acompa\u00f1\u00f3, \u201cRara avis. Peque\u00f1o aviario de ediciones y escritores raros\u201d. Este volumen re\u00fane textos y materiales producidos a partir de estas actividades acad\u00e9micas y abre una nueva galer\u00eda para enfrentar al lector contempor\u00e1neo con lo raro, lo curioso y lo otro con un esp\u00edritu l\u00fadico que, como lo describir\u00edan Pablo Mora en su introducci\u00f3n o, en otro sentido, Julio Cort\u00e1zar en su novela experimental de 1968, debe entenderse como un modelo para armar. El presente volumen mantiene el rigor de una publicaci\u00f3n acad\u00e9mica, al tiempo que ofrece al lector la oportunidad de adentrarse en el mundo de lo raro a trav\u00e9s de una edici\u00f3n singular y autores heterodoxos. Fue concebido mediante una l\u00f3gica espacial que trasciende las barreras de las convenciones de lectura: el libro se inicia en su centro, la p\u00e1gina 00, donde el \u00edndice se presenta tambi\u00e9n como un plano de sala. Desde ese vest\u00edbulo, el lector-visitante puede escoger a qu\u00e9 espacios dirigirse, encontr\u00e1ndose en su paso vertiginoso con reproducciones de algunos ejemplares raros de la BNM, hallazgos hemerogr\u00e1ficos del siglo XIX en torno al espiritismo y, en otra parte del recorrido, con art\u00edculos y ensayos de gran erudici\u00f3n, en los cuales se ilumina el papel que lo \u201craro\u201d y lo \u201cotro\u201d tuvieron en nuestras tradiciones literaria, editorial y bibliogr\u00e1fica en los dos siglos que nos anteceden.<\/td>\n<\/tr>\n<\/tbody>\n<\/table>\n<p>&nbsp;<\/p>\n","protected":false},"featured_media":460,"comment_status":"open","ping_status":"closed","template":"","meta":[],"product_cat":[44,27],"product_tag":[],"_links":{"self":[{"href":"https:\/\/caniem.org\/premios-arte-editorial\/wp-json\/wp\/v2\/product\/459"}],"collection":[{"href":"https:\/\/caniem.org\/premios-arte-editorial\/wp-json\/wp\/v2\/product"}],"about":[{"href":"https:\/\/caniem.org\/premios-arte-editorial\/wp-json\/wp\/v2\/types\/product"}],"replies":[{"embeddable":true,"href":"https:\/\/caniem.org\/premios-arte-editorial\/wp-json\/wp\/v2\/comments?post=459"}],"wp:featuredmedia":[{"embeddable":true,"href":"https:\/\/caniem.org\/premios-arte-editorial\/wp-json\/wp\/v2\/media\/460"}],"wp:attachment":[{"href":"https:\/\/caniem.org\/premios-arte-editorial\/wp-json\/wp\/v2\/media?parent=459"}],"wp:term":[{"taxonomy":"product_cat","embeddable":true,"href":"https:\/\/caniem.org\/premios-arte-editorial\/wp-json\/wp\/v2\/product_cat?post=459"},{"taxonomy":"product_tag","embeddable":true,"href":"https:\/\/caniem.org\/premios-arte-editorial\/wp-json\/wp\/v2\/product_tag?post=459"}],"curies":[{"name":"wp","href":"https:\/\/api.w.org\/{rel}","templated":true}]}}