{"id":461,"date":"2024-06-03T22:35:34","date_gmt":"2024-06-03T22:35:34","guid":{"rendered":"https:\/\/caniem.org\/premios-arte-editorial\/?post_type=product&#038;p=461"},"modified":"2024-06-06T19:15:00","modified_gmt":"2024-06-06T19:15:00","slug":"orfeon-la-catedral-musical-de-hispanoamerica","status":"publish","type":"product","link":"https:\/\/caniem.org\/premios-arte-editorial\/producto\/orfeon-la-catedral-musical-de-hispanoamerica\/","title":{"rendered":"ORFE\u00d3N. La catedral musical de Hispanoam\u00e9rica"},"content":{"rendered":"<p>.<\/p>\n","protected":false},"excerpt":{"rendered":"<table class=\"woocommerce-product-attributes shop_attributes\">\n<tbody>\n<tr class=\"woocommerce-product-attributes-item woocommerce-product-attributes-item--attribute_pa_autor\">\n<th class=\"woocommerce-product-attributes-item__label\">T\u00edtulo<\/th>\n<td class=\"woocommerce-product-attributes-item__value\">ORFE\u00d3N. La catedral musical de Hispanoam\u00e9rica<\/td>\n<\/tr>\n<tr class=\"woocommerce-product-attributes-item woocommerce-product-attributes-item--attribute_pa_autor\">\n<th class=\"woocommerce-product-attributes-item__label\">Autor<\/th>\n<td class=\"woocommerce-product-attributes-item__value\">Holtz, D\u00e9borah; Mena, Juan Carlos.<\/td>\n<\/tr>\n<tr class=\"woocommerce-product-attributes-item woocommerce-product-attributes-item--attribute_pa_editorial\">\n<th class=\"woocommerce-product-attributes-item__label\">Editorial<\/th>\n<td class=\"woocommerce-product-attributes-item__value\">Trilce Ediciones, S.A. de C.V.<\/td>\n<\/tr>\n<tr class=\"woocommerce-product-attributes-item woocommerce-product-attributes-item--attribute_pa_sello-editorial\">\n<th class=\"woocommerce-product-attributes-item__label\">Colecci\u00f3n<\/th>\n<td class=\"woocommerce-product-attributes-item__value\">Sin colecci\u00f3n<\/td>\n<\/tr>\n<tr class=\"woocommerce-product-attributes-item woocommerce-product-attributes-item--attribute_pa_isbn\">\n<th class=\"woocommerce-product-attributes-item__label\">A\u00f1o de premiaci\u00f3n<\/th>\n<td class=\"woocommerce-product-attributes-item__value\">2023<\/td>\n<\/tr>\n<tr class=\"woocommerce-product-attributes-item woocommerce-product-attributes-item--attribute_pa_numero-de-edicion\">\n<th class=\"woocommerce-product-attributes-item__label\">N\u00famero de edici\u00f3n<\/th>\n<td class=\"woocommerce-product-attributes-item__value\">Primera edici\u00f3n<\/td>\n<\/tr>\n<tr class=\"woocommerce-product-attributes-item woocommerce-product-attributes-item--attribute_pa_ano-de-publicacion\">\n<th class=\"woocommerce-product-attributes-item__label\">A\u00f1o de publicaci\u00f3n<\/th>\n<td class=\"woocommerce-product-attributes-item__value\">2022<\/td>\n<\/tr>\n<tr class=\"woocommerce-product-attributes-item woocommerce-product-attributes-item--attribute_pa_num-paginas\">\n<th class=\"woocommerce-product-attributes-item__label\">ISBN<\/th>\n<td class=\"woocommerce-product-attributes-item__value\">978-607-8745-49-4<\/td>\n<\/tr>\n<tr class=\"woocommerce-product-attributes-item woocommerce-product-attributes-item--attribute_pa_formato\">\n<th class=\"woocommerce-product-attributes-item__label\">Categor\u00eda premiada<\/th>\n<td class=\"woocommerce-product-attributes-item__value\">Arte<\/td>\n<\/tr>\n<tr class=\"woocommerce-product-attributes-item woocommerce-product-attributes-item--attribute_pa_thema\">\n<th class=\"woocommerce-product-attributes-item__label\">Subcategor\u00eda<\/th>\n<td class=\"woocommerce-product-attributes-item__value\">Ediciones ilustradas de lujo<\/td>\n<\/tr>\n<tr class=\"woocommerce-product-attributes-item woocommerce-product-attributes-item--attribute_pa_nombre-del-contacto\">\n<th class=\"woocommerce-product-attributes-item__label\">Clasificaci\u00f3n THEMA<\/th>\n<td class=\"woocommerce-product-attributes-item__value\" style=\"text-align: justify;\">&#8211;<\/td>\n<\/tr>\n<tr class=\"woocommerce-product-attributes-item woocommerce-product-attributes-item--attribute_pa_nombre-del-contacto\">\n<th class=\"woocommerce-product-attributes-item__label\">N\u00famero de p\u00e1ginas<\/th>\n<td class=\"woocommerce-product-attributes-item__value\">352 p.<\/td>\n<\/tr>\n<tr class=\"woocommerce-product-attributes-item woocommerce-product-attributes-item--attribute_pa_nombre-del-contacto\">\n<th class=\"woocommerce-product-attributes-item__label\">ALTO<\/th>\n<td class=\"woocommerce-product-attributes-item__value\">34 cm<\/td>\n<\/tr>\n<tr class=\"woocommerce-product-attributes-item woocommerce-product-attributes-item--attribute_pa_nombre-del-contacto\">\n<th class=\"woocommerce-product-attributes-item__label\">ANCHO<\/th>\n<td class=\"woocommerce-product-attributes-item__value\">23 cm<\/td>\n<\/tr>\n<tr class=\"woocommerce-product-attributes-item woocommerce-product-attributes-item--attribute_pa_nombre-del-contacto\">\n<th class=\"woocommerce-product-attributes-item__label\">GROSOR<\/th>\n<td class=\"woocommerce-product-attributes-item__value\">3.5 cm<\/td>\n<\/tr>\n<tr class=\"woocommerce-product-attributes-item woocommerce-product-attributes-item--attribute_pa_nombre-del-contacto\">\n<th class=\"woocommerce-product-attributes-item__label\">Soporte (impreso o digital<\/th>\n<td class=\"woocommerce-product-attributes-item__value\">Impreso<\/td>\n<\/tr>\n<tr class=\"woocommerce-product-attributes-item woocommerce-product-attributes-item--attribute_pa_nombre-del-contacto\">\n<th class=\"woocommerce-product-attributes-item__label\">Menci\u00f3n<\/th>\n<td class=\"woocommerce-product-attributes-item__value\">Premiado<\/td>\n<\/tr>\n<tr class=\"woocommerce-product-attributes-item woocommerce-product-attributes-item--attribute_pa_nombre-del-contacto\">\n<th class=\"woocommerce-product-attributes-item__label\">Sinopsis<\/th>\n<td class=\"woocommerce-product-attributes-item__value\" style=\"text-align: justify;\">El empresario mexicano Rogerio Azc\u00e1rraga Madero fund\u00f3 la empresa en el a\u00f1o 1958 con la denominaci\u00f3n legal de Orfe\u00f3n Videovox S.A., la cual ser\u00eda cambiada varios a\u00f1os despu\u00e9s a Orfe\u00f3n CD Catalog House S.A. de C.V y ocasionalmente public\u00f3 material en formato de CD, editando solo una parte de su extenso archivo musical. Desde el a\u00f1o 2009 solo otorga licencias y realiza ediciones especiales en CD. Fue una de las primeras empresas discogr\u00e1ficas mexicanas en adquirir equipos de grabaci\u00f3n multipista y realizar con este sistema grabaciones estereof\u00f3nicas a los artistas de su cat\u00e1logo, ya que desde sus inicios la empresa cont\u00f3 con estudios de grabaci\u00f3n propios. Entre las marcas comerciales que manej\u00f3 para la publicaci\u00f3n de sus discos destacan Orfe\u00f3n, Dimsa, Maya y Ariel. En los a\u00f1os 60 sus estudios de grabaci\u00f3n se contaban entre los m\u00e1s modernos del mundo. En ellos realizaron grabaciones artistas como el estadounidense Bill Haley y en dicha \u00e9poca fue la empresa que m\u00e1s grupos de rock and roll y baladistas lanz\u00f3 al mercado mexicano, seguida de Peerless, RCA Victor y otras compa\u00f1\u00edas locales. Desde 1968 y durante la d\u00e9cada de 1970, 1980, e incluso principios de la d\u00e9cada de 1990, realizaba reediciones en LP y casete de los artistas m\u00e1s exitosos de su cat\u00e1logo, caracterizadas por la edici\u00f3n en sonido estereof\u00f3nico, ausente en muchas de las ediciones originales, debido a que la compa\u00f1\u00eda, al igual que otras disqueras, rara vez empleaba el equipo de corte de discos est\u00e9reo, ya que entonces estaba en auge el uso del sonido monoaural, resultando muy costoso el proceso de corte est\u00e9reo; adem\u00e1s era de gran preponderancia el hecho de que la totalidad de las emisoras de radio en la d\u00e9cada de 1960 estaban ubicadas en la banda de AM, que en general transmit\u00eda en monoaural. Recientemente esta compa\u00f1\u00eda ha reducido su producci\u00f3n de CD, sin embargo, su propietario actual Rogerio Azc\u00e1rraga contin\u00faa con los negocios de radio con el Grupo Radio F\u00f3rmula y otras \u00e1reas; la compa\u00f1\u00eda disquera posee a\u00fan las licencias de los grupos m\u00e1s conocidos del rock and roll mexicano, rock de Av\u00e1ndaro, y de otros m\u00e1s con temas muy buscados por los coleccionistas. La producci\u00f3n de discos LP de acetato finaliza en el a\u00f1o de 1992 y en el 2001 la de casetes. En el mismo 1992, Discos Orfe\u00f3n ofreci\u00f3 una serie de recopilaciones de los \u00e9xitos de rock and roll y la balada en espa\u00f1ol de la d\u00e9cada de 1960, con rematrizaje en el cual se le a\u00f1adieron instrumentos nuevos a las pistas originales, lo cual se tradujo en un fracaso comercial. Este hecho provoc\u00f3 que sus ventas en CD cayeran dr\u00e1sticamente. Las reediciones de los a\u00f1os siguientes, en vista de esto, se dejaron con la instrumentaci\u00f3n original.<\/td>\n<\/tr>\n<\/tbody>\n<\/table>\n<p>&nbsp;<\/p>\n","protected":false},"featured_media":462,"comment_status":"open","ping_status":"closed","template":"","meta":[],"product_cat":[44,27],"product_tag":[],"_links":{"self":[{"href":"https:\/\/caniem.org\/premios-arte-editorial\/wp-json\/wp\/v2\/product\/461"}],"collection":[{"href":"https:\/\/caniem.org\/premios-arte-editorial\/wp-json\/wp\/v2\/product"}],"about":[{"href":"https:\/\/caniem.org\/premios-arte-editorial\/wp-json\/wp\/v2\/types\/product"}],"replies":[{"embeddable":true,"href":"https:\/\/caniem.org\/premios-arte-editorial\/wp-json\/wp\/v2\/comments?post=461"}],"wp:featuredmedia":[{"embeddable":true,"href":"https:\/\/caniem.org\/premios-arte-editorial\/wp-json\/wp\/v2\/media\/462"}],"wp:attachment":[{"href":"https:\/\/caniem.org\/premios-arte-editorial\/wp-json\/wp\/v2\/media?parent=461"}],"wp:term":[{"taxonomy":"product_cat","embeddable":true,"href":"https:\/\/caniem.org\/premios-arte-editorial\/wp-json\/wp\/v2\/product_cat?post=461"},{"taxonomy":"product_tag","embeddable":true,"href":"https:\/\/caniem.org\/premios-arte-editorial\/wp-json\/wp\/v2\/product_tag?post=461"}],"curies":[{"name":"wp","href":"https:\/\/api.w.org\/{rel}","templated":true}]}}