{"id":463,"date":"2024-06-03T22:38:07","date_gmt":"2024-06-03T22:38:07","guid":{"rendered":"https:\/\/caniem.org\/premios-arte-editorial\/?post_type=product&#038;p=463"},"modified":"2024-06-06T19:15:00","modified_gmt":"2024-06-06T19:15:00","slug":"ikigai","status":"publish","type":"product","link":"https:\/\/caniem.org\/premios-arte-editorial\/producto\/ikigai\/","title":{"rendered":"Ikigai"},"content":{"rendered":"<p>.<\/p>\n","protected":false},"excerpt":{"rendered":"<table class=\"woocommerce-product-attributes shop_attributes\">\n<tbody>\n<tr class=\"woocommerce-product-attributes-item woocommerce-product-attributes-item--attribute_pa_autor\">\n<th class=\"woocommerce-product-attributes-item__label\">T\u00edtulo<\/th>\n<td class=\"woocommerce-product-attributes-item__value\">Ikigai<\/td>\n<\/tr>\n<tr class=\"woocommerce-product-attributes-item woocommerce-product-attributes-item--attribute_pa_autor\">\n<th class=\"woocommerce-product-attributes-item__label\">Autor<\/th>\n<td class=\"woocommerce-product-attributes-item__value\">Dellutri, Ezequiel<\/td>\n<\/tr>\n<tr class=\"woocommerce-product-attributes-item woocommerce-product-attributes-item--attribute_pa_editorial\">\n<th class=\"woocommerce-product-attributes-item__label\">Editorial<\/th>\n<td class=\"woocommerce-product-attributes-item__value\">Ediciones El Naranjo, S.A. de C.V.<\/td>\n<\/tr>\n<tr class=\"woocommerce-product-attributes-item woocommerce-product-attributes-item--attribute_pa_sello-editorial\">\n<th class=\"woocommerce-product-attributes-item__label\">Colecci\u00f3n<\/th>\n<td class=\"woocommerce-product-attributes-item__value\">Ecos de tinta<\/td>\n<\/tr>\n<tr class=\"woocommerce-product-attributes-item woocommerce-product-attributes-item--attribute_pa_isbn\">\n<th class=\"woocommerce-product-attributes-item__label\">A\u00f1o de premiaci\u00f3n<\/th>\n<td class=\"woocommerce-product-attributes-item__value\">2023<\/td>\n<\/tr>\n<tr class=\"woocommerce-product-attributes-item woocommerce-product-attributes-item--attribute_pa_numero-de-edicion\">\n<th class=\"woocommerce-product-attributes-item__label\">N\u00famero de edici\u00f3n<\/th>\n<td class=\"woocommerce-product-attributes-item__value\">Primera edici\u00f3n<\/td>\n<\/tr>\n<tr class=\"woocommerce-product-attributes-item woocommerce-product-attributes-item--attribute_pa_ano-de-publicacion\">\n<th class=\"woocommerce-product-attributes-item__label\">A\u00f1o de publicaci\u00f3n<\/th>\n<td class=\"woocommerce-product-attributes-item__value\">2023<\/td>\n<\/tr>\n<tr class=\"woocommerce-product-attributes-item woocommerce-product-attributes-item--attribute_pa_num-paginas\">\n<th class=\"woocommerce-product-attributes-item__label\">ISBN<\/th>\n<td class=\"woocommerce-product-attributes-item__value\">978-607-8807-37-6<\/td>\n<\/tr>\n<tr class=\"woocommerce-product-attributes-item woocommerce-product-attributes-item--attribute_pa_formato\">\n<th class=\"woocommerce-product-attributes-item__label\">Categor\u00eda premiada<\/th>\n<td class=\"woocommerce-product-attributes-item__value\">Electr\u00f3nico<\/td>\n<\/tr>\n<tr class=\"woocommerce-product-attributes-item woocommerce-product-attributes-item--attribute_pa_thema\">\n<th class=\"woocommerce-product-attributes-item__label\">Subcategor\u00eda<\/th>\n<td class=\"woocommerce-product-attributes-item__value\">Juveniles<\/td>\n<\/tr>\n<tr class=\"woocommerce-product-attributes-item woocommerce-product-attributes-item--attribute_pa_nombre-del-contacto\">\n<th class=\"woocommerce-product-attributes-item__label\">Clasificaci\u00f3n THEMA<\/th>\n<td class=\"woocommerce-product-attributes-item__value\" style=\"text-align: justify;\">&#8211;<\/td>\n<\/tr>\n<tr class=\"woocommerce-product-attributes-item woocommerce-product-attributes-item--attribute_pa_nombre-del-contacto\">\n<th class=\"woocommerce-product-attributes-item__label\">N\u00famero de p\u00e1ginas<\/th>\n<td class=\"woocommerce-product-attributes-item__value\">160 p.<\/td>\n<\/tr>\n<tr class=\"woocommerce-product-attributes-item woocommerce-product-attributes-item--attribute_pa_nombre-del-contacto\">\n<th class=\"woocommerce-product-attributes-item__label\">ALTO<\/th>\n<td class=\"woocommerce-product-attributes-item__value\">Sin dato<\/td>\n<\/tr>\n<tr class=\"woocommerce-product-attributes-item woocommerce-product-attributes-item--attribute_pa_nombre-del-contacto\">\n<th class=\"woocommerce-product-attributes-item__label\">ANCHO<\/th>\n<td class=\"woocommerce-product-attributes-item__value\">Sin dato<\/td>\n<\/tr>\n<tr class=\"woocommerce-product-attributes-item woocommerce-product-attributes-item--attribute_pa_nombre-del-contacto\">\n<th class=\"woocommerce-product-attributes-item__label\">GROSOR<\/th>\n<td class=\"woocommerce-product-attributes-item__value\">Sin dato<\/td>\n<\/tr>\n<tr class=\"woocommerce-product-attributes-item woocommerce-product-attributes-item--attribute_pa_nombre-del-contacto\">\n<th class=\"woocommerce-product-attributes-item__label\">Soporte (impreso o digital<\/th>\n<td class=\"woocommerce-product-attributes-item__value\">Impreso<\/td>\n<\/tr>\n<tr class=\"woocommerce-product-attributes-item woocommerce-product-attributes-item--attribute_pa_nombre-del-contacto\">\n<th class=\"woocommerce-product-attributes-item__label\">Menci\u00f3n<\/th>\n<td class=\"woocommerce-product-attributes-item__value\">Premiado<\/td>\n<\/tr>\n<tr class=\"woocommerce-product-attributes-item woocommerce-product-attributes-item--attribute_pa_nombre-del-contacto\">\n<th class=\"woocommerce-product-attributes-item__label\">Sinopsis<\/th>\n<td class=\"woocommerce-product-attributes-item__value\" style=\"text-align: justify;\">Ikigai es una palabra japonesa que significa tener un objetivo en la vida. Una pasi\u00f3n. Un motor que te impulse. Bruno descubri\u00f3 su ikigai en las pel\u00edculas de Studio Ghibli, un estudio de animaci\u00f3n japonesa. Sin siquiera imaginarlo, compartir\u00eda su pasi\u00f3n con su abuelo \u2014con quien llevaba una relaci\u00f3n distante hasta ese momento\u2014. Su pasatiempo se convertir\u00e1 en un v\u00ednculo para descubrir los lazos que los conectan y c\u00f3mo podemos darnos segundas oportunidades. Por ah\u00ed que el verdadero sentido de la vida sea lo que menos te imaginabas.<\/td>\n<\/tr>\n<\/tbody>\n<\/table>\n<p>&nbsp;<\/p>\n","protected":false},"featured_media":464,"comment_status":"open","ping_status":"closed","template":"","meta":[],"product_cat":[44,21],"product_tag":[],"_links":{"self":[{"href":"https:\/\/caniem.org\/premios-arte-editorial\/wp-json\/wp\/v2\/product\/463"}],"collection":[{"href":"https:\/\/caniem.org\/premios-arte-editorial\/wp-json\/wp\/v2\/product"}],"about":[{"href":"https:\/\/caniem.org\/premios-arte-editorial\/wp-json\/wp\/v2\/types\/product"}],"replies":[{"embeddable":true,"href":"https:\/\/caniem.org\/premios-arte-editorial\/wp-json\/wp\/v2\/comments?post=463"}],"wp:featuredmedia":[{"embeddable":true,"href":"https:\/\/caniem.org\/premios-arte-editorial\/wp-json\/wp\/v2\/media\/464"}],"wp:attachment":[{"href":"https:\/\/caniem.org\/premios-arte-editorial\/wp-json\/wp\/v2\/media?parent=463"}],"wp:term":[{"taxonomy":"product_cat","embeddable":true,"href":"https:\/\/caniem.org\/premios-arte-editorial\/wp-json\/wp\/v2\/product_cat?post=463"},{"taxonomy":"product_tag","embeddable":true,"href":"https:\/\/caniem.org\/premios-arte-editorial\/wp-json\/wp\/v2\/product_tag?post=463"}],"curies":[{"name":"wp","href":"https:\/\/api.w.org\/{rel}","templated":true}]}}