{"id":471,"date":"2024-06-03T22:47:54","date_gmt":"2024-06-03T22:47:54","guid":{"rendered":"https:\/\/caniem.org\/premios-arte-editorial\/?post_type=product&#038;p=471"},"modified":"2024-06-06T19:14:59","modified_gmt":"2024-06-06T19:14:59","slug":"historia-de-mexico-ii-cuaderno-de-evidencias-imagina","status":"publish","type":"product","link":"https:\/\/caniem.org\/premios-arte-editorial\/producto\/historia-de-mexico-ii-cuaderno-de-evidencias-imagina\/","title":{"rendered":"Historia de M\u00e9xico II. Cuaderno de evidencias. Imagina"},"content":{"rendered":"<p>.<\/p>\n","protected":false},"excerpt":{"rendered":"<table class=\"woocommerce-product-attributes shop_attributes\">\n<tbody>\n<tr class=\"woocommerce-product-attributes-item woocommerce-product-attributes-item--attribute_pa_autor\">\n<th class=\"woocommerce-product-attributes-item__label\">T\u00edtulo<\/th>\n<td class=\"woocommerce-product-attributes-item__value\">Historia de M\u00e9xico II. Cuaderno de evidencias. Imagina<\/td>\n<\/tr>\n<tr class=\"woocommerce-product-attributes-item woocommerce-product-attributes-item--attribute_pa_autor\">\n<th class=\"woocommerce-product-attributes-item__label\">Autor<\/th>\n<td class=\"woocommerce-product-attributes-item__value\">P\u00e9rez Bravo, Oxana; Portilo Rodr\u00edguez, Ang\u00e9lica Alejandra<\/td>\n<\/tr>\n<tr class=\"woocommerce-product-attributes-item woocommerce-product-attributes-item--attribute_pa_editorial\">\n<th class=\"woocommerce-product-attributes-item__label\">Editorial<\/th>\n<td class=\"woocommerce-product-attributes-item__value\">Macmillan Educaci\u00f3n, S.A. de C.V.<\/td>\n<\/tr>\n<tr class=\"woocommerce-product-attributes-item woocommerce-product-attributes-item--attribute_pa_sello-editorial\">\n<th class=\"woocommerce-product-attributes-item__label\">Colecci\u00f3n<\/th>\n<td class=\"woocommerce-product-attributes-item__value\">Imagina Secundaria<\/td>\n<\/tr>\n<tr class=\"woocommerce-product-attributes-item woocommerce-product-attributes-item--attribute_pa_isbn\">\n<th class=\"woocommerce-product-attributes-item__label\">A\u00f1o de premiaci\u00f3n<\/th>\n<td class=\"woocommerce-product-attributes-item__value\">2023<\/td>\n<\/tr>\n<tr class=\"woocommerce-product-attributes-item woocommerce-product-attributes-item--attribute_pa_numero-de-edicion\">\n<th class=\"woocommerce-product-attributes-item__label\">N\u00famero de edici\u00f3n<\/th>\n<td class=\"woocommerce-product-attributes-item__value\">Primera edici\u00f3n<\/td>\n<\/tr>\n<tr class=\"woocommerce-product-attributes-item woocommerce-product-attributes-item--attribute_pa_ano-de-publicacion\">\n<th class=\"woocommerce-product-attributes-item__label\">A\u00f1o de publicaci\u00f3n<\/th>\n<td class=\"woocommerce-product-attributes-item__value\">2023<\/td>\n<\/tr>\n<tr class=\"woocommerce-product-attributes-item woocommerce-product-attributes-item--attribute_pa_num-paginas\">\n<th class=\"woocommerce-product-attributes-item__label\">ISBN<\/th>\n<td class=\"woocommerce-product-attributes-item__value\">978-607-8919-68-0<\/td>\n<\/tr>\n<tr class=\"woocommerce-product-attributes-item woocommerce-product-attributes-item--attribute_pa_formato\">\n<th class=\"woocommerce-product-attributes-item__label\">Categor\u00eda premiada<\/th>\n<td class=\"woocommerce-product-attributes-item__value\">Texto<\/td>\n<\/tr>\n<tr class=\"woocommerce-product-attributes-item woocommerce-product-attributes-item--attribute_pa_thema\">\n<th class=\"woocommerce-product-attributes-item__label\">Subcategor\u00eda<\/th>\n<td class=\"woocommerce-product-attributes-item__value\">Secundaria<\/td>\n<\/tr>\n<tr class=\"woocommerce-product-attributes-item woocommerce-product-attributes-item--attribute_pa_nombre-del-contacto\">\n<th class=\"woocommerce-product-attributes-item__label\">Clasificaci\u00f3n THEMA<\/th>\n<td class=\"woocommerce-product-attributes-item__value\" style=\"text-align: justify;\">&#8211;<\/td>\n<\/tr>\n<tr class=\"woocommerce-product-attributes-item woocommerce-product-attributes-item--attribute_pa_nombre-del-contacto\">\n<th class=\"woocommerce-product-attributes-item__label\">N\u00famero de p\u00e1ginas<\/th>\n<td class=\"woocommerce-product-attributes-item__value\">48 p.<\/td>\n<\/tr>\n<tr class=\"woocommerce-product-attributes-item woocommerce-product-attributes-item--attribute_pa_nombre-del-contacto\">\n<th class=\"woocommerce-product-attributes-item__label\">ALTO<\/th>\n<td class=\"woocommerce-product-attributes-item__value\">27.5 cm<\/td>\n<\/tr>\n<tr class=\"woocommerce-product-attributes-item woocommerce-product-attributes-item--attribute_pa_nombre-del-contacto\">\n<th class=\"woocommerce-product-attributes-item__label\">ANCHO<\/th>\n<td class=\"woocommerce-product-attributes-item__value\">23 cm<\/td>\n<\/tr>\n<tr class=\"woocommerce-product-attributes-item woocommerce-product-attributes-item--attribute_pa_nombre-del-contacto\">\n<th class=\"woocommerce-product-attributes-item__label\">GROSOR<\/th>\n<td class=\"woocommerce-product-attributes-item__value\">0.3 cm<\/td>\n<\/tr>\n<tr class=\"woocommerce-product-attributes-item woocommerce-product-attributes-item--attribute_pa_nombre-del-contacto\">\n<th class=\"woocommerce-product-attributes-item__label\">Soporte (impreso o digital<\/th>\n<td class=\"woocommerce-product-attributes-item__value\">Impreso<\/td>\n<\/tr>\n<tr class=\"woocommerce-product-attributes-item woocommerce-product-attributes-item--attribute_pa_nombre-del-contacto\">\n<th class=\"woocommerce-product-attributes-item__label\">Menci\u00f3n<\/th>\n<td class=\"woocommerce-product-attributes-item__value\">Premiado<\/td>\n<\/tr>\n<tr class=\"woocommerce-product-attributes-item woocommerce-product-attributes-item--attribute_pa_nombre-del-contacto\">\n<th class=\"woocommerce-product-attributes-item__label\">Sinopsis<\/th>\n<td class=\"woocommerce-product-attributes-item__value\" style=\"text-align: justify;\">Imagina es un protecto desarrollado con la finalidad de favorecer tu aprendizaje de manera paulatina, integral y en un contexto que te resulte \u00fatil y significativo para la vida; tiene como premisa la idea de que todos podemos contribuir a la construcci\u00f3n de un mundo mejor si participamos de manera activa, cr\u00edtica y responable en este proceso. Historia de M\u00e9xico II. Cuaderno de evidencias, es el material ideal para que desarrolles y ejercites los conocimientos y habilidades clave de esta disciplina, utilizando como contexto los demas que se incluyen en los objetivos de Desarrollo Sostenible de la Agenda 2023 de la ONU y, de manera especial, en los ejes del Programa Construimos Futuro. El trabajo que realices en cada ficha permitir\u00e1 a tu maestro contar con evidencias del trabajo que has realizado y contribuir a tu evaluaci\u00f3n formativa. Recuerda que puedes consultar las lecciones de tu libro de texto para repasar los temas y resolver las actividades. Esperamos que este cuaderno, pensado para acompa\u00f1arte a lo largo del ciclo escolar, sea un recurso \u00fatil para tu aprendizaje y te permita consolidar los conocimientos y habilidades adquiridos en esta disciplina.<\/td>\n<\/tr>\n<\/tbody>\n<\/table>\n<p>&nbsp;<\/p>\n","protected":false},"featured_media":468,"comment_status":"open","ping_status":"closed","template":"","meta":[],"product_cat":[44,23],"product_tag":[],"_links":{"self":[{"href":"https:\/\/caniem.org\/premios-arte-editorial\/wp-json\/wp\/v2\/product\/471"}],"collection":[{"href":"https:\/\/caniem.org\/premios-arte-editorial\/wp-json\/wp\/v2\/product"}],"about":[{"href":"https:\/\/caniem.org\/premios-arte-editorial\/wp-json\/wp\/v2\/types\/product"}],"replies":[{"embeddable":true,"href":"https:\/\/caniem.org\/premios-arte-editorial\/wp-json\/wp\/v2\/comments?post=471"}],"wp:featuredmedia":[{"embeddable":true,"href":"https:\/\/caniem.org\/premios-arte-editorial\/wp-json\/wp\/v2\/media\/468"}],"wp:attachment":[{"href":"https:\/\/caniem.org\/premios-arte-editorial\/wp-json\/wp\/v2\/media?parent=471"}],"wp:term":[{"taxonomy":"product_cat","embeddable":true,"href":"https:\/\/caniem.org\/premios-arte-editorial\/wp-json\/wp\/v2\/product_cat?post=471"},{"taxonomy":"product_tag","embeddable":true,"href":"https:\/\/caniem.org\/premios-arte-editorial\/wp-json\/wp\/v2\/product_tag?post=471"}],"curies":[{"name":"wp","href":"https:\/\/api.w.org\/{rel}","templated":true}]}}