{"id":518,"date":"2024-06-03T23:35:39","date_gmt":"2024-06-03T23:35:39","guid":{"rendered":"https:\/\/caniem.org\/premios-arte-editorial\/?post_type=product&#038;p=518"},"modified":"2024-06-06T19:20:10","modified_gmt":"2024-06-06T19:20:10","slug":"la-guia-santillana-1-escenarios","status":"publish","type":"product","link":"https:\/\/caniem.org\/premios-arte-editorial\/producto\/la-guia-santillana-1-escenarios\/","title":{"rendered":"La Gu\u00eda Santillana 1. Escenarios"},"content":{"rendered":"<p>.<\/p>\n","protected":false},"excerpt":{"rendered":"<table class=\"woocommerce-product-attributes shop_attributes\">\n<tbody>\n<tr class=\"woocommerce-product-attributes-item woocommerce-product-attributes-item--attribute_pa_autor\">\n<th class=\"woocommerce-product-attributes-item__label\">T\u00edtulo<\/th>\n<td class=\"woocommerce-product-attributes-item__value\">La Gu\u00eda Santillana 1. Escenarios<\/td>\n<\/tr>\n<tr class=\"woocommerce-product-attributes-item woocommerce-product-attributes-item--attribute_pa_autor\">\n<th class=\"woocommerce-product-attributes-item__label\">Autor<\/th>\n<td class=\"woocommerce-product-attributes-item__value\">Colectivo Kaltia para la investigaci\u00f3n y desarrollo educativo S.A de C.V \/ Ort\u00edz Mart\u00ednez, Daniela Aseret; Soria Diosdado, Claudia \u00c1ngelica; Lanestosa Baca, Urania; Hern\u00e1ndez L\u00f3pez, Eduardo Alejandro; Men\u00e9ndez Espinoza, M\u00f3nica Patricia; L\u00f3pez Valenzuela, Alejandra; Herrera L\u00f3pez, Natalia<\/td>\n<\/tr>\n<tr class=\"woocommerce-product-attributes-item woocommerce-product-attributes-item--attribute_pa_editorial\">\n<th class=\"woocommerce-product-attributes-item__label\">Editorial<\/th>\n<td class=\"woocommerce-product-attributes-item__value\">Educa Inventia, S.A de C.V<\/td>\n<\/tr>\n<tr class=\"woocommerce-product-attributes-item woocommerce-product-attributes-item--attribute_pa_sello-editorial\">\n<th class=\"woocommerce-product-attributes-item__label\">Colecci\u00f3n<\/th>\n<td class=\"woocommerce-product-attributes-item__value\">Santillana Primaria<\/td>\n<\/tr>\n<tr class=\"woocommerce-product-attributes-item woocommerce-product-attributes-item--attribute_pa_isbn\">\n<th class=\"woocommerce-product-attributes-item__label\">A\u00f1o de premiaci\u00f3n<\/th>\n<td class=\"woocommerce-product-attributes-item__value\">2023<\/td>\n<\/tr>\n<tr class=\"woocommerce-product-attributes-item woocommerce-product-attributes-item--attribute_pa_numero-de-edicion\">\n<th class=\"woocommerce-product-attributes-item__label\">N\u00famero de edici\u00f3n<\/th>\n<td class=\"woocommerce-product-attributes-item__value\">Primera edici\u00f3n<\/td>\n<\/tr>\n<tr class=\"woocommerce-product-attributes-item woocommerce-product-attributes-item--attribute_pa_ano-de-publicacion\">\n<th class=\"woocommerce-product-attributes-item__label\">A\u00f1o de publicaci\u00f3n<\/th>\n<td class=\"woocommerce-product-attributes-item__value\">2023<\/td>\n<\/tr>\n<tr class=\"woocommerce-product-attributes-item woocommerce-product-attributes-item--attribute_pa_num-paginas\">\n<th class=\"woocommerce-product-attributes-item__label\">ISBN<\/th>\n<td class=\"woocommerce-product-attributes-item__value\">978-607-13-1384-3<\/td>\n<\/tr>\n<tr class=\"woocommerce-product-attributes-item woocommerce-product-attributes-item--attribute_pa_formato\">\n<th class=\"woocommerce-product-attributes-item__label\">Categor\u00eda premiada<\/th>\n<td class=\"woocommerce-product-attributes-item__value\">Texto<\/td>\n<\/tr>\n<tr class=\"woocommerce-product-attributes-item woocommerce-product-attributes-item--attribute_pa_thema\">\n<th class=\"woocommerce-product-attributes-item__label\">Subcategor\u00eda<\/th>\n<td class=\"woocommerce-product-attributes-item__value\">Primaria<\/td>\n<\/tr>\n<tr class=\"woocommerce-product-attributes-item woocommerce-product-attributes-item--attribute_pa_nombre-del-contacto\">\n<th class=\"woocommerce-product-attributes-item__label\">Clasificaci\u00f3n THEMA<\/th>\n<td class=\"woocommerce-product-attributes-item__value\" style=\"text-align: justify;\">&#8211;<\/td>\n<\/tr>\n<tr class=\"woocommerce-product-attributes-item woocommerce-product-attributes-item--attribute_pa_nombre-del-contacto\">\n<th class=\"woocommerce-product-attributes-item__label\">N\u00famero de p\u00e1ginas<\/th>\n<td class=\"woocommerce-product-attributes-item__value\">335 p<\/td>\n<\/tr>\n<tr class=\"woocommerce-product-attributes-item woocommerce-product-attributes-item--attribute_pa_nombre-del-contacto\">\n<th class=\"woocommerce-product-attributes-item__label\">ALTO<\/th>\n<td class=\"woocommerce-product-attributes-item__value\">27 cm<\/td>\n<\/tr>\n<tr class=\"woocommerce-product-attributes-item woocommerce-product-attributes-item--attribute_pa_nombre-del-contacto\">\n<th class=\"woocommerce-product-attributes-item__label\">ANCHO<\/th>\n<td class=\"woocommerce-product-attributes-item__value\">20.5 cm<\/td>\n<\/tr>\n<tr class=\"woocommerce-product-attributes-item woocommerce-product-attributes-item--attribute_pa_nombre-del-contacto\">\n<th class=\"woocommerce-product-attributes-item__label\">GROSOR<\/th>\n<td class=\"woocommerce-product-attributes-item__value\">1.5 cm<\/td>\n<\/tr>\n<tr class=\"woocommerce-product-attributes-item woocommerce-product-attributes-item--attribute_pa_nombre-del-contacto\">\n<th class=\"woocommerce-product-attributes-item__label\">Soporte (impreso o digital<\/th>\n<td class=\"woocommerce-product-attributes-item__value\">Impreso<\/td>\n<\/tr>\n<tr class=\"woocommerce-product-attributes-item woocommerce-product-attributes-item--attribute_pa_nombre-del-contacto\">\n<th class=\"woocommerce-product-attributes-item__label\">Menci\u00f3n<\/th>\n<td class=\"woocommerce-product-attributes-item__value\">Premiado<\/td>\n<\/tr>\n<tr class=\"woocommerce-product-attributes-item woocommerce-product-attributes-item--attribute_pa_nombre-del-contacto\">\n<th class=\"woocommerce-product-attributes-item__label\">Sinopsis<\/th>\n<td class=\"woocommerce-product-attributes-item__value\" style=\"text-align: justify;\">\u00bfEst\u00e1s listo para divertirte y aprender al mismo tiempo? De ser as\u00ed, La Gu\u00eda Santillana 1. Escenarios te encantar\u00e1, pues fue hecha con este prop\u00f3sito especialmente para ti. Contiene gran variedad de actividades interesantes que te ayudar\u00e1n a repasar y consolidar tus saberes; estas te permitir\u00e1n trabajar en el aula o el hogar, comunicarte y colaborar con tu profesor y tus compa\u00f1eros de clase y, sobre todo, te apoyar\u00e1n para que puedas aprender por ti mismo. Tu gu\u00eda est\u00e1 organizada en campos formativos: Lenguajes, \u00c9tica, naturaleza y sociedades, De lo humano y lo comunitario y Saberes y pensamiento cient\u00edfico. Cada una de estas secciones planea experiencias y desaf\u00edos que te permitir\u00e1n reforzar tus aprendizajes de este grado escolar. En la siguiente p\u00e1gina te explicamos a qu\u00e9 se refiere cada campo. Es importante anticipar que muchas de las actividades que realizar\u00e1s en tu Gu\u00eda est\u00e1n relacionadas con tu comunidad, con las personas, las plantas, los animales y las situaciones que vives en ella, porque uno de los fines de este material es que apliques lo aprendido en tu vida cotidiana y logres mejorar el lugar donde vives. Muchas actividades del libro las resolver\u00e1s de manera individual; en otras, ser\u00e1 necesario que trabajes en pareja, en equipo o de forma grupal. Tu maestra o tu maestro te orientar\u00e1 acerca de c\u00f3mo hacerlo. La Gu\u00eda Santillana 1. Escenarios tambi\u00e9n plantea retos que te formar\u00e1n como una persona que participa en la soluci\u00f3n de los problemas de los diferentes grupos a los que perteneces; tu familia, tus compa\u00f1eros de escuela, tus vecinos. De este modo conocer\u00e1s puntos de vista distintos y encontrar\u00e1n en conjunto las mejores soluciones. El trabajo en clase se plantea mediante secuencias de aprendizaje. Cada una de ellas est\u00e1 formada por muchos recursos que te ser\u00e1n de utilidad: informaci\u00f3n, actividades, ilustraciones, esquemas, que se integran para ofrecerte una experiencia de aprendizaje. Cabe mencionar que las secuencias se relacionan con los proyectos de aula, escolares y comunitarios de tus libros de texto gratuitos, incluido el libro Nuestros saberes, con lo cual, la Gu\u00eda se convertir\u00e1 en tu mejor aliado. Prep\u00e1rate para descubrir un mundo de diversi\u00f3n y conocimiento con la gu\u00eda Santillana. \u00a1Empecemos juntos nuestro camino de aprendizaje!<\/td>\n<\/tr>\n<\/tbody>\n<\/table>\n<p>&nbsp;<\/p>\n","protected":false},"featured_media":519,"comment_status":"open","ping_status":"closed","template":"","meta":[],"product_cat":[44,23],"product_tag":[],"_links":{"self":[{"href":"https:\/\/caniem.org\/premios-arte-editorial\/wp-json\/wp\/v2\/product\/518"}],"collection":[{"href":"https:\/\/caniem.org\/premios-arte-editorial\/wp-json\/wp\/v2\/product"}],"about":[{"href":"https:\/\/caniem.org\/premios-arte-editorial\/wp-json\/wp\/v2\/types\/product"}],"replies":[{"embeddable":true,"href":"https:\/\/caniem.org\/premios-arte-editorial\/wp-json\/wp\/v2\/comments?post=518"}],"wp:featuredmedia":[{"embeddable":true,"href":"https:\/\/caniem.org\/premios-arte-editorial\/wp-json\/wp\/v2\/media\/519"}],"wp:attachment":[{"href":"https:\/\/caniem.org\/premios-arte-editorial\/wp-json\/wp\/v2\/media?parent=518"}],"wp:term":[{"taxonomy":"product_cat","embeddable":true,"href":"https:\/\/caniem.org\/premios-arte-editorial\/wp-json\/wp\/v2\/product_cat?post=518"},{"taxonomy":"product_tag","embeddable":true,"href":"https:\/\/caniem.org\/premios-arte-editorial\/wp-json\/wp\/v2\/product_tag?post=518"}],"curies":[{"name":"wp","href":"https:\/\/api.w.org\/{rel}","templated":true}]}}