{"id":666,"date":"2026-03-13T15:20:26","date_gmt":"2026-03-13T15:20:26","guid":{"rendered":"https:\/\/caniem.org\/premios-arte-editorial\/?post_type=product&#038;p=666"},"modified":"2026-03-13T15:21:46","modified_gmt":"2026-03-13T15:21:46","slug":"alas-de-sangre-edicion-especial-y-limitada","status":"publish","type":"product","link":"https:\/\/caniem.org\/premios-arte-editorial\/producto\/alas-de-sangre-edicion-especial-y-limitada\/","title":{"rendered":"Alas de sangre. Edici\u00f3n especial y limitada"},"content":{"rendered":"<p>.<\/p>\n","protected":false},"excerpt":{"rendered":"<table class=\"woocommerce-product-attributes shop_attributes\">\n<tbody>\n<tr class=\"woocommerce-product-attributes-item woocommerce-product-attributes-item--attribute_pa_autor\">\n<th class=\"woocommerce-product-attributes-item__label\">T\u00edtulo<\/th>\n<td class=\"woocommerce-product-attributes-item__value\"><span data-sheets-root=\"1\">Alas de sangre. Edici\u00f3n especial y limitada<\/span><\/td>\n<\/tr>\n<tr class=\"woocommerce-product-attributes-item woocommerce-product-attributes-item--attribute_pa_autor\">\n<th class=\"woocommerce-product-attributes-item__label\">Autor<\/th>\n<td class=\"woocommerce-product-attributes-item__value\"><span data-sheets-root=\"1\">Yarros, Rebecca.<\/span><\/td>\n<\/tr>\n<tr class=\"woocommerce-product-attributes-item woocommerce-product-attributes-item--attribute_pa_editorial\">\n<th class=\"woocommerce-product-attributes-item__label\">Editorial<\/th>\n<td class=\"woocommerce-product-attributes-item__value\"><span data-sheets-root=\"1\">Editorial Planeta Mexicana, S.A. de C.V.<\/span><\/td>\n<\/tr>\n<tr class=\"woocommerce-product-attributes-item woocommerce-product-attributes-item--attribute_pa_sello-editorial\">\n<th class=\"woocommerce-product-attributes-item__label\">Colecci\u00f3n<\/th>\n<td class=\"woocommerce-product-attributes-item__value\">&#8211;<\/td>\n<\/tr>\n<tr class=\"woocommerce-product-attributes-item woocommerce-product-attributes-item--attribute_pa_isbn\">\n<th class=\"woocommerce-product-attributes-item__label\">A\u00f1o de premiaci\u00f3n<\/th>\n<td class=\"woocommerce-product-attributes-item__value\">2025<\/td>\n<\/tr>\n<tr class=\"woocommerce-product-attributes-item woocommerce-product-attributes-item--attribute_pa_numero-de-edicion\">\n<th class=\"woocommerce-product-attributes-item__label\">N\u00famero de edici\u00f3n<\/th>\n<td class=\"woocommerce-product-attributes-item__value\">Primera edici\u00f3n<\/td>\n<\/tr>\n<tr class=\"woocommerce-product-attributes-item woocommerce-product-attributes-item--attribute_pa_ano-de-publicacion\">\n<th class=\"woocommerce-product-attributes-item__label\">A\u00f1o de publicaci\u00f3n<\/th>\n<td class=\"woocommerce-product-attributes-item__value\">2024<\/td>\n<\/tr>\n<tr class=\"woocommerce-product-attributes-item woocommerce-product-attributes-item--attribute_pa_num-paginas\">\n<th class=\"woocommerce-product-attributes-item__label\">ISBN<\/th>\n<td class=\"woocommerce-product-attributes-item__value\"><span data-sheets-root=\"1\">978-607-39-1624-0<\/span><\/td>\n<\/tr>\n<tr class=\"woocommerce-product-attributes-item woocommerce-product-attributes-item--attribute_pa_formato\">\n<th class=\"woocommerce-product-attributes-item__label\">Categor\u00eda premiada<\/th>\n<td class=\"woocommerce-product-attributes-item__value\"><span data-sheets-root=\"1\">Libros para j\u00f3venes<\/span><\/td>\n<\/tr>\n<tr class=\"woocommerce-product-attributes-item woocommerce-product-attributes-item--attribute_pa_thema\">\n<th class=\"woocommerce-product-attributes-item__label\">Subcategor\u00eda<\/th>\n<td class=\"woocommerce-product-attributes-item__value\"><span data-sheets-root=\"1\">Tapa dura<\/span><\/td>\n<\/tr>\n<tr class=\"woocommerce-product-attributes-item woocommerce-product-attributes-item--attribute_pa_nombre-del-contacto\">\n<th class=\"woocommerce-product-attributes-item__label\">Clasificaci\u00f3n THEMA<\/th>\n<td class=\"woocommerce-product-attributes-item__value\" style=\"text-align: justify;\">&#8211;<\/td>\n<\/tr>\n<tr class=\"woocommerce-product-attributes-item woocommerce-product-attributes-item--attribute_pa_nombre-del-contacto\">\n<th class=\"woocommerce-product-attributes-item__label\">N\u00famero de p\u00e1ginas<\/th>\n<td class=\"woocommerce-product-attributes-item__value\"><span data-sheets-root=\"1\">538 <\/span>p.<\/td>\n<\/tr>\n<tr class=\"woocommerce-product-attributes-item woocommerce-product-attributes-item--attribute_pa_nombre-del-contacto\">\n<th class=\"woocommerce-product-attributes-item__label\">ALTO<\/th>\n<td class=\"woocommerce-product-attributes-item__value\"><span data-sheets-root=\"1\">23,5 <\/span>cm<\/td>\n<\/tr>\n<tr class=\"woocommerce-product-attributes-item woocommerce-product-attributes-item--attribute_pa_nombre-del-contacto\">\n<th class=\"woocommerce-product-attributes-item__label\">ANCHO<\/th>\n<td class=\"woocommerce-product-attributes-item__value\"><span data-sheets-root=\"1\">15,5 <\/span>cm<\/td>\n<\/tr>\n<tr class=\"woocommerce-product-attributes-item woocommerce-product-attributes-item--attribute_pa_nombre-del-contacto\">\n<th class=\"woocommerce-product-attributes-item__label\">GROSOR<\/th>\n<td class=\"woocommerce-product-attributes-item__value\">4 cm<\/td>\n<\/tr>\n<tr class=\"woocommerce-product-attributes-item woocommerce-product-attributes-item--attribute_pa_nombre-del-contacto\">\n<th class=\"woocommerce-product-attributes-item__label\">Soporte (impreso o digital<\/th>\n<td class=\"woocommerce-product-attributes-item__value\">Impreso<\/td>\n<\/tr>\n<tr class=\"woocommerce-product-attributes-item woocommerce-product-attributes-item--attribute_pa_nombre-del-contacto\">\n<th class=\"woocommerce-product-attributes-item__label\">Menci\u00f3n<\/th>\n<td class=\"woocommerce-product-attributes-item__value\">Premiado<\/td>\n<\/tr>\n<tr class=\"woocommerce-product-attributes-item woocommerce-product-attributes-item--attribute_pa_nombre-del-contacto\">\n<th class=\"woocommerce-product-attributes-item__label\">Sinopsis<\/th>\n<td class=\"woocommerce-product-attributes-item__value\" style=\"text-align: justify;\"><span data-sheets-root=\"1\">Violet Sorrengail cre\u00eda que a sus veinte a\u00f1os se unir\u00eda al Cuadrante de Escribas para llevar una vida tranquila, estudiando sus amados libros y las historias antiguas que tanto le fascinan. Sin embargo, por \u00f3rdenes de su madre, la temida comandante general, debe unirse a los miles de candidatos que, en el Colegio de Guerra Basgiath, luchan por formar parte de la \u00e9lite de Navarre: los jinetes de dragones. Cuando eres m\u00e1s peque\u00f1a y fr\u00e1gil que los dem\u00e1s tu vida corre peligro, porque los dragones no se vinculan con humanos d\u00e9biles; de hecho, los incineran. A esto se suma que, con m\u00e1s jinetes que dragones disponibles, buena parte de los candidatos matar\u00eda a Violet con tal de mejorar sus probabilidades de \u00e9xito; y hay otros, como el despiadado de Xaden Riorson, el l\u00edder de ala m\u00e1s poderoso del Cuadrante de Jinetes, que la asesinar\u00edan simplemente por ser la hija de la comandante general. Para sobrevivir, necesitar\u00e1 aprovechar al m\u00e1ximo todo su ingenio. D\u00eda tras d\u00eda, la guerra que se libra en el exterior del Colegio se torna m\u00e1s letal, las defensas del reino se debilitan y los muertos aumentan. Por si fuera poco, Violet sospecha que los l\u00edderes de Navarre esconden un terrible secreto. Amistad, rivalidad y pasi\u00f3n&#8230; En el Colegio de Guerra Basgiath todos tienen un plan oculto y saben que, una vez dentro, solo hay dos posibilidades: graduarse o morir. <\/span><\/td>\n<\/tr>\n<\/tbody>\n<\/table>\n<p>&nbsp;<\/p>\n","protected":false},"featured_media":667,"comment_status":"open","ping_status":"closed","template":"","meta":[],"product_cat":[50,34],"product_tag":[],"_links":{"self":[{"href":"https:\/\/caniem.org\/premios-arte-editorial\/wp-json\/wp\/v2\/product\/666"}],"collection":[{"href":"https:\/\/caniem.org\/premios-arte-editorial\/wp-json\/wp\/v2\/product"}],"about":[{"href":"https:\/\/caniem.org\/premios-arte-editorial\/wp-json\/wp\/v2\/types\/product"}],"replies":[{"embeddable":true,"href":"https:\/\/caniem.org\/premios-arte-editorial\/wp-json\/wp\/v2\/comments?post=666"}],"wp:featuredmedia":[{"embeddable":true,"href":"https:\/\/caniem.org\/premios-arte-editorial\/wp-json\/wp\/v2\/media\/667"}],"wp:attachment":[{"href":"https:\/\/caniem.org\/premios-arte-editorial\/wp-json\/wp\/v2\/media?parent=666"}],"wp:term":[{"taxonomy":"product_cat","embeddable":true,"href":"https:\/\/caniem.org\/premios-arte-editorial\/wp-json\/wp\/v2\/product_cat?post=666"},{"taxonomy":"product_tag","embeddable":true,"href":"https:\/\/caniem.org\/premios-arte-editorial\/wp-json\/wp\/v2\/product_tag?post=666"}],"curies":[{"name":"wp","href":"https:\/\/api.w.org\/{rel}","templated":true}]}}